{"id":2873,"date":"2021-04-26T07:56:58","date_gmt":"2021-04-26T07:56:58","guid":{"rendered":"https:\/\/rizn.artisan-marketing.dev\/produits\/rizn-hair-density-spray\/"},"modified":"2024-09-10T14:16:07","modified_gmt":"2024-09-10T18:16:07","slug":"plenty-spray-densifiant-capillaire","status":"publish","type":"product","link":"https:\/\/plentynatural.ca\/fr\/product\/plenty-spray-densifiant-capillaire\/","title":{"rendered":"Plenty Spray Densifiant Capillaire"},"content":{"rendered":"","protected":false},"excerpt":{"rendered":"<p><strong>Un spray capillaire fortifiant, \u00e9paississant et densifiant formul\u00e9 pour nourrir le cuir chevelu et la racine des cheveux pour plus de volume et d\u2019\u00e9paisseur.<\/strong><\/p>\n<p>&nbsp;<\/p>\n<p>Une utilisation continue et quotidienne du produit est n\u00e9cessaire pour r\u00e9duire la perte de cheveux.<strong> Une bouteille de 60 ml fournit 2 mois de traitement.<\/strong><\/p>\n<p>&nbsp;<\/p>\n<p>Il faut pr\u00e9voir 3 mois d&#8217;utilisation en continu afin de constater les premiers r\u00e9sultats en termes de densit\u00e9.<\/p>\n","protected":false},"featured_media":4584,"template":"","meta":[],"class_list":["post-2873","product","type-product","status-publish","has-post-thumbnail","hentry","product_cat-uncategorized-fr"],"bundle_layout":"","bundle_add_to_cart_form_location":"","bundle_editable_in_cart":false,"bundle_sold_individually_context":"","bundle_item_grouping":"","bundle_min_size":"","bundle_max_size":"","bundled_by":["2871","3149","3151","3162","3163"],"bundled_items":[],"yoast_head":"<!-- This site is optimized with the Yoast SEO plugin v20.9 - https:\/\/yoast.com\/wordpress\/plugins\/seo\/ -->\n<title>Plenty Natural | Plenty Spray Densifiant Capillaire<\/title>\n<meta name=\"description\" content=\"Plenty Spray Densifiant Capillaire est formul\u00e9 pour nourrir le cuir chevelu et les racines des cheveux pour plus de volume et d\u2019\u00e9paisseur.\" \/>\n<meta name=\"robots\" content=\"index, follow, max-snippet:-1, max-image-preview:large, max-video-preview:-1\" \/>\n<link rel=\"canonical\" href=\"https:\/\/plentynatural.ca\/fr\/product\/plenty-spray-densifiant-capillaire\/\" \/>\n<meta property=\"og:locale\" content=\"fr_FR\" \/>\n<meta property=\"og:type\" content=\"article\" \/>\n<meta property=\"og:title\" content=\"Plenty Natural | Plenty Spray Densifiant Capillaire\" \/>\n<meta property=\"og:description\" content=\"Plenty Spray Densifiant Capillaire est formul\u00e9 pour nourrir le cuir chevelu et les racines des cheveux pour plus de volume et d\u2019\u00e9paisseur.\" \/>\n<meta property=\"og:url\" content=\"https:\/\/plentynatural.ca\/fr\/product\/plenty-spray-densifiant-capillaire\/\" \/>\n<meta property=\"og:site_name\" content=\"Plenty\" \/>\n<meta property=\"article:modified_time\" content=\"2024-09-10T18:16:07+00:00\" \/>\n<meta property=\"og:image\" content=\"https:\/\/plentynatural.ca\/wp-content\/uploads\/2021\/04\/PLenty_spray_box-resize.png\" \/>\n\t<meta property=\"og:image:width\" content=\"934\" \/>\n\t<meta property=\"og:image:height\" content=\"931\" \/>\n\t<meta property=\"og:image:type\" content=\"image\/png\" \/>\n<meta name=\"twitter:card\" content=\"summary_large_image\" \/>\n<script type=\"application\/ld+json\" class=\"yoast-schema-graph\">{\"@context\":\"https:\/\/schema.org\",\"@graph\":[{\"@type\":\"WebPage\",\"@id\":\"https:\/\/plentynatural.ca\/fr\/product\/plenty-spray-densifiant-capillaire\/\",\"url\":\"https:\/\/plentynatural.ca\/fr\/product\/plenty-spray-densifiant-capillaire\/\",\"name\":\"Plenty Natural | Plenty Spray Densifiant Capillaire\",\"isPartOf\":{\"@id\":\"https:\/\/plentynatural.ca\/#website\"},\"datePublished\":\"2021-04-26T07:56:58+00:00\",\"dateModified\":\"2024-09-10T18:16:07+00:00\",\"description\":\"Plenty Spray Densifiant Capillaire est formul\u00e9 pour nourrir le cuir chevelu et les racines des cheveux pour plus de volume et d\u2019\u00e9paisseur.\",\"breadcrumb\":{\"@id\":\"https:\/\/plentynatural.ca\/fr\/product\/plenty-spray-densifiant-capillaire\/#breadcrumb\"},\"inLanguage\":\"fr-FR\",\"potentialAction\":[{\"@type\":\"ReadAction\",\"target\":[\"https:\/\/plentynatural.ca\/fr\/product\/plenty-spray-densifiant-capillaire\/\"]}]},{\"@type\":\"BreadcrumbList\",\"@id\":\"https:\/\/plentynatural.ca\/fr\/product\/plenty-spray-densifiant-capillaire\/#breadcrumb\",\"itemListElement\":[{\"@type\":\"ListItem\",\"position\":1,\"name\":\"Home\",\"item\":\"https:\/\/plentynatural.ca\/fr\/\"},{\"@type\":\"ListItem\",\"position\":2,\"name\":\"Shop\",\"item\":\"https:\/\/plentynatural.ca\/fr\/?page_id=1208\"},{\"@type\":\"ListItem\",\"position\":3,\"name\":\"Plenty Spray Densifiant Capillaire\"}]},{\"@type\":\"WebSite\",\"@id\":\"https:\/\/plentynatural.ca\/#website\",\"url\":\"https:\/\/plentynatural.ca\/\",\"name\":\"Plenty\",\"description\":\"Powered by nature\",\"publisher\":{\"@id\":\"https:\/\/plentynatural.ca\/#organization\"},\"potentialAction\":[{\"@type\":\"SearchAction\",\"target\":{\"@type\":\"EntryPoint\",\"urlTemplate\":\"https:\/\/plentynatural.ca\/?s={search_term_string}\"},\"query-input\":\"required name=search_term_string\"}],\"inLanguage\":\"fr-FR\"},{\"@type\":\"Organization\",\"@id\":\"https:\/\/plentynatural.ca\/#organization\",\"name\":\"Plenty\",\"url\":\"https:\/\/plentynatural.ca\/\",\"logo\":{\"@type\":\"ImageObject\",\"inLanguage\":\"fr-FR\",\"@id\":\"https:\/\/plentynatural.ca\/#\/schema\/logo\/image\/\",\"url\":\"https:\/\/plentynatural.ca\/wp-content\/uploads\/2021\/04\/logo_black.png\",\"contentUrl\":\"https:\/\/plentynatural.ca\/wp-content\/uploads\/2021\/04\/logo_black.png\",\"width\":1702,\"height\":402,\"caption\":\"Plenty\"},\"image\":{\"@id\":\"https:\/\/plentynatural.ca\/#\/schema\/logo\/image\/\"}}]}<\/script>\n<!-- \/ Yoast SEO plugin. -->","yoast_head_json":{"title":"Plenty Natural | Plenty Spray Densifiant Capillaire","description":"Plenty Spray Densifiant Capillaire est formul\u00e9 pour nourrir le cuir chevelu et les racines des cheveux pour plus de volume et d\u2019\u00e9paisseur.","robots":{"index":"index","follow":"follow","max-snippet":"max-snippet:-1","max-image-preview":"max-image-preview:large","max-video-preview":"max-video-preview:-1"},"canonical":"https:\/\/plentynatural.ca\/fr\/product\/plenty-spray-densifiant-capillaire\/","og_locale":"fr_FR","og_type":"article","og_title":"Plenty Natural | Plenty Spray Densifiant Capillaire","og_description":"Plenty Spray Densifiant Capillaire est formul\u00e9 pour nourrir le cuir chevelu et les racines des cheveux pour plus de volume et d\u2019\u00e9paisseur.","og_url":"https:\/\/plentynatural.ca\/fr\/product\/plenty-spray-densifiant-capillaire\/","og_site_name":"Plenty","article_modified_time":"2024-09-10T18:16:07+00:00","og_image":[{"width":934,"height":931,"url":"https:\/\/plentynatural.ca\/wp-content\/uploads\/2021\/04\/PLenty_spray_box-resize.png","type":"image\/png"}],"twitter_card":"summary_large_image","schema":{"@context":"https:\/\/schema.org","@graph":[{"@type":"WebPage","@id":"https:\/\/plentynatural.ca\/fr\/product\/plenty-spray-densifiant-capillaire\/","url":"https:\/\/plentynatural.ca\/fr\/product\/plenty-spray-densifiant-capillaire\/","name":"Plenty Natural | Plenty Spray Densifiant Capillaire","isPartOf":{"@id":"https:\/\/plentynatural.ca\/#website"},"datePublished":"2021-04-26T07:56:58+00:00","dateModified":"2024-09-10T18:16:07+00:00","description":"Plenty Spray Densifiant Capillaire est formul\u00e9 pour nourrir le cuir chevelu et les racines des cheveux pour plus de volume et d\u2019\u00e9paisseur.","breadcrumb":{"@id":"https:\/\/plentynatural.ca\/fr\/product\/plenty-spray-densifiant-capillaire\/#breadcrumb"},"inLanguage":"fr-FR","potentialAction":[{"@type":"ReadAction","target":["https:\/\/plentynatural.ca\/fr\/product\/plenty-spray-densifiant-capillaire\/"]}]},{"@type":"BreadcrumbList","@id":"https:\/\/plentynatural.ca\/fr\/product\/plenty-spray-densifiant-capillaire\/#breadcrumb","itemListElement":[{"@type":"ListItem","position":1,"name":"Home","item":"https:\/\/plentynatural.ca\/fr\/"},{"@type":"ListItem","position":2,"name":"Shop","item":"https:\/\/plentynatural.ca\/fr\/?page_id=1208"},{"@type":"ListItem","position":3,"name":"Plenty Spray Densifiant Capillaire"}]},{"@type":"WebSite","@id":"https:\/\/plentynatural.ca\/#website","url":"https:\/\/plentynatural.ca\/","name":"Plenty","description":"Powered by nature","publisher":{"@id":"https:\/\/plentynatural.ca\/#organization"},"potentialAction":[{"@type":"SearchAction","target":{"@type":"EntryPoint","urlTemplate":"https:\/\/plentynatural.ca\/?s={search_term_string}"},"query-input":"required name=search_term_string"}],"inLanguage":"fr-FR"},{"@type":"Organization","@id":"https:\/\/plentynatural.ca\/#organization","name":"Plenty","url":"https:\/\/plentynatural.ca\/","logo":{"@type":"ImageObject","inLanguage":"fr-FR","@id":"https:\/\/plentynatural.ca\/#\/schema\/logo\/image\/","url":"https:\/\/plentynatural.ca\/wp-content\/uploads\/2021\/04\/logo_black.png","contentUrl":"https:\/\/plentynatural.ca\/wp-content\/uploads\/2021\/04\/logo_black.png","width":1702,"height":402,"caption":"Plenty"},"image":{"@id":"https:\/\/plentynatural.ca\/#\/schema\/logo\/image\/"}}]}},"_links":{"self":[{"href":"https:\/\/plentynatural.ca\/fr\/wp-json\/wp\/v2\/product\/2873","targetHints":{"allow":["GET"]}}],"collection":[{"href":"https:\/\/plentynatural.ca\/fr\/wp-json\/wp\/v2\/product"}],"about":[{"href":"https:\/\/plentynatural.ca\/fr\/wp-json\/wp\/v2\/types\/product"}],"wp:featuredmedia":[{"embeddable":true,"href":"https:\/\/plentynatural.ca\/fr\/wp-json\/wp\/v2\/media\/4584"}],"wp:attachment":[{"href":"https:\/\/plentynatural.ca\/fr\/wp-json\/wp\/v2\/media?parent=2873"}],"curies":[{"name":"wp","href":"https:\/\/api.w.org\/{rel}","templated":true}]}}