{"id":1465,"date":"2021-04-26T08:03:52","date_gmt":"2021-08-03T03:39:44","guid":{"rendered":"https:\/\/rizn.artisan-marketing.dev\/?post_type=product&#038;p=1465"},"modified":"2024-09-10T14:17:10","modified_gmt":"2024-09-10T18:17:10","slug":"plenty-complexe-capillaire","status":"publish","type":"product","link":"https:\/\/plentynatural.ca\/fr\/product\/plenty-complexe-capillaire\/","title":{"rendered":"Plenty Complexe Capillaire"},"content":{"rendered":"","protected":false},"excerpt":{"rendered":"<p><strong>Suppl\u00e9ment vitaminique\/min\u00e9ral soutenant la sant\u00e9 des cheveux et contribuant au maintien d&#8217;une bonne sant\u00e9 g\u00e9n\u00e9rale.<\/strong><\/p>\n<p>&nbsp;<\/p>\n<p>Ce produit aide \u00e0 combattre la chute des cheveux caus\u00e9e par une carence en vitamines et \u00e0 obtenir des cheveux d\u2019apparence plus saine.<\/p>\n","protected":false},"featured_media":4580,"template":"","meta":[],"class_list":["post-1465","product","type-product","status-publish","has-post-thumbnail","hentry","product_cat-uncategorized-fr"],"bundle_layout":"","bundle_add_to_cart_form_location":"","bundle_editable_in_cart":false,"bundle_sold_individually_context":"","bundle_item_grouping":"","bundle_min_size":"","bundle_max_size":"","bundled_by":["2233","2871","3149","3151","3167"],"bundled_items":[],"yoast_head":"<!-- This site is optimized with the Yoast SEO plugin v20.9 - https:\/\/yoast.com\/wordpress\/plugins\/seo\/ -->\n<title>Plenty | Plenty Complexe Capillaire<\/title>\n<meta name=\"description\" content=\"Combat la chute des cheveux caus\u00e9e par une carence en vitamines et aide \u00e0 obtenir des cheveux d&#039;apparence plus saine!\" \/>\n<meta name=\"robots\" content=\"index, follow, max-snippet:-1, max-image-preview:large, max-video-preview:-1\" \/>\n<link rel=\"canonical\" href=\"https:\/\/plentynatural.ca\/fr\/product\/plenty-complexe-capillaire\/\" \/>\n<meta property=\"og:locale\" content=\"fr_FR\" \/>\n<meta property=\"og:type\" content=\"article\" \/>\n<meta property=\"og:title\" content=\"Plenty | Plenty Complexe Capillaire\" \/>\n<meta property=\"og:description\" content=\"Combat la chute des cheveux caus\u00e9e par une carence en vitamines et aide \u00e0 obtenir des cheveux d&#039;apparence plus saine!\" \/>\n<meta property=\"og:url\" content=\"https:\/\/plentynatural.ca\/fr\/product\/plenty-complexe-capillaire\/\" \/>\n<meta property=\"og:site_name\" content=\"Plenty\" \/>\n<meta property=\"article:modified_time\" content=\"2024-09-10T18:17:10+00:00\" \/>\n<meta property=\"og:image\" content=\"https:\/\/plentynatural.ca\/wp-content\/uploads\/2021\/04\/plenty_vitaminepillule-resize.png\" \/>\n\t<meta property=\"og:image:width\" content=\"934\" \/>\n\t<meta property=\"og:image:height\" content=\"931\" \/>\n\t<meta property=\"og:image:type\" content=\"image\/png\" \/>\n<meta name=\"twitter:card\" content=\"summary_large_image\" \/>\n<script type=\"application\/ld+json\" class=\"yoast-schema-graph\">{\"@context\":\"https:\/\/schema.org\",\"@graph\":[{\"@type\":\"WebPage\",\"@id\":\"https:\/\/plentynatural.ca\/fr\/product\/plenty-complexe-capillaire\/\",\"url\":\"https:\/\/plentynatural.ca\/fr\/product\/plenty-complexe-capillaire\/\",\"name\":\"Plenty | Plenty Complexe Capillaire\",\"isPartOf\":{\"@id\":\"https:\/\/plentynatural.ca\/#website\"},\"datePublished\":\"2021-08-03T03:39:44+00:00\",\"dateModified\":\"2024-09-10T18:17:10+00:00\",\"description\":\"Combat la chute des cheveux caus\u00e9e par une carence en vitamines et aide \u00e0 obtenir des cheveux d'apparence plus saine!\",\"breadcrumb\":{\"@id\":\"https:\/\/plentynatural.ca\/fr\/product\/plenty-complexe-capillaire\/#breadcrumb\"},\"inLanguage\":\"fr-FR\",\"potentialAction\":[{\"@type\":\"ReadAction\",\"target\":[\"https:\/\/plentynatural.ca\/fr\/product\/plenty-complexe-capillaire\/\"]}]},{\"@type\":\"BreadcrumbList\",\"@id\":\"https:\/\/plentynatural.ca\/fr\/product\/plenty-complexe-capillaire\/#breadcrumb\",\"itemListElement\":[{\"@type\":\"ListItem\",\"position\":1,\"name\":\"Home\",\"item\":\"https:\/\/plentynatural.ca\/fr\/\"},{\"@type\":\"ListItem\",\"position\":2,\"name\":\"Shop\",\"item\":\"https:\/\/plentynatural.ca\/fr\/?page_id=1208\"},{\"@type\":\"ListItem\",\"position\":3,\"name\":\"Plenty Complexe Capillaire\"}]},{\"@type\":\"WebSite\",\"@id\":\"https:\/\/plentynatural.ca\/#website\",\"url\":\"https:\/\/plentynatural.ca\/\",\"name\":\"Plenty\",\"description\":\"Powered by nature\",\"publisher\":{\"@id\":\"https:\/\/plentynatural.ca\/#organization\"},\"potentialAction\":[{\"@type\":\"SearchAction\",\"target\":{\"@type\":\"EntryPoint\",\"urlTemplate\":\"https:\/\/plentynatural.ca\/?s={search_term_string}\"},\"query-input\":\"required name=search_term_string\"}],\"inLanguage\":\"fr-FR\"},{\"@type\":\"Organization\",\"@id\":\"https:\/\/plentynatural.ca\/#organization\",\"name\":\"Plenty\",\"url\":\"https:\/\/plentynatural.ca\/\",\"logo\":{\"@type\":\"ImageObject\",\"inLanguage\":\"fr-FR\",\"@id\":\"https:\/\/plentynatural.ca\/#\/schema\/logo\/image\/\",\"url\":\"https:\/\/plentynatural.ca\/wp-content\/uploads\/2021\/04\/logo_black.png\",\"contentUrl\":\"https:\/\/plentynatural.ca\/wp-content\/uploads\/2021\/04\/logo_black.png\",\"width\":1702,\"height\":402,\"caption\":\"Plenty\"},\"image\":{\"@id\":\"https:\/\/plentynatural.ca\/#\/schema\/logo\/image\/\"}}]}<\/script>\n<!-- \/ Yoast SEO plugin. -->","yoast_head_json":{"title":"Plenty | Plenty Complexe Capillaire","description":"Combat la chute des cheveux caus\u00e9e par une carence en vitamines et aide \u00e0 obtenir des cheveux d'apparence plus saine!","robots":{"index":"index","follow":"follow","max-snippet":"max-snippet:-1","max-image-preview":"max-image-preview:large","max-video-preview":"max-video-preview:-1"},"canonical":"https:\/\/plentynatural.ca\/fr\/product\/plenty-complexe-capillaire\/","og_locale":"fr_FR","og_type":"article","og_title":"Plenty | Plenty Complexe Capillaire","og_description":"Combat la chute des cheveux caus\u00e9e par une carence en vitamines et aide \u00e0 obtenir des cheveux d'apparence plus saine!","og_url":"https:\/\/plentynatural.ca\/fr\/product\/plenty-complexe-capillaire\/","og_site_name":"Plenty","article_modified_time":"2024-09-10T18:17:10+00:00","og_image":[{"width":934,"height":931,"url":"https:\/\/plentynatural.ca\/wp-content\/uploads\/2021\/04\/plenty_vitaminepillule-resize.png","type":"image\/png"}],"twitter_card":"summary_large_image","schema":{"@context":"https:\/\/schema.org","@graph":[{"@type":"WebPage","@id":"https:\/\/plentynatural.ca\/fr\/product\/plenty-complexe-capillaire\/","url":"https:\/\/plentynatural.ca\/fr\/product\/plenty-complexe-capillaire\/","name":"Plenty | Plenty Complexe Capillaire","isPartOf":{"@id":"https:\/\/plentynatural.ca\/#website"},"datePublished":"2021-08-03T03:39:44+00:00","dateModified":"2024-09-10T18:17:10+00:00","description":"Combat la chute des cheveux caus\u00e9e par une carence en vitamines et aide \u00e0 obtenir des cheveux d'apparence plus saine!","breadcrumb":{"@id":"https:\/\/plentynatural.ca\/fr\/product\/plenty-complexe-capillaire\/#breadcrumb"},"inLanguage":"fr-FR","potentialAction":[{"@type":"ReadAction","target":["https:\/\/plentynatural.ca\/fr\/product\/plenty-complexe-capillaire\/"]}]},{"@type":"BreadcrumbList","@id":"https:\/\/plentynatural.ca\/fr\/product\/plenty-complexe-capillaire\/#breadcrumb","itemListElement":[{"@type":"ListItem","position":1,"name":"Home","item":"https:\/\/plentynatural.ca\/fr\/"},{"@type":"ListItem","position":2,"name":"Shop","item":"https:\/\/plentynatural.ca\/fr\/?page_id=1208"},{"@type":"ListItem","position":3,"name":"Plenty Complexe Capillaire"}]},{"@type":"WebSite","@id":"https:\/\/plentynatural.ca\/#website","url":"https:\/\/plentynatural.ca\/","name":"Plenty","description":"Powered by nature","publisher":{"@id":"https:\/\/plentynatural.ca\/#organization"},"potentialAction":[{"@type":"SearchAction","target":{"@type":"EntryPoint","urlTemplate":"https:\/\/plentynatural.ca\/?s={search_term_string}"},"query-input":"required name=search_term_string"}],"inLanguage":"fr-FR"},{"@type":"Organization","@id":"https:\/\/plentynatural.ca\/#organization","name":"Plenty","url":"https:\/\/plentynatural.ca\/","logo":{"@type":"ImageObject","inLanguage":"fr-FR","@id":"https:\/\/plentynatural.ca\/#\/schema\/logo\/image\/","url":"https:\/\/plentynatural.ca\/wp-content\/uploads\/2021\/04\/logo_black.png","contentUrl":"https:\/\/plentynatural.ca\/wp-content\/uploads\/2021\/04\/logo_black.png","width":1702,"height":402,"caption":"Plenty"},"image":{"@id":"https:\/\/plentynatural.ca\/#\/schema\/logo\/image\/"}}]}},"_links":{"self":[{"href":"https:\/\/plentynatural.ca\/fr\/wp-json\/wp\/v2\/product\/1465","targetHints":{"allow":["GET"]}}],"collection":[{"href":"https:\/\/plentynatural.ca\/fr\/wp-json\/wp\/v2\/product"}],"about":[{"href":"https:\/\/plentynatural.ca\/fr\/wp-json\/wp\/v2\/types\/product"}],"wp:featuredmedia":[{"embeddable":true,"href":"https:\/\/plentynatural.ca\/fr\/wp-json\/wp\/v2\/media\/4580"}],"wp:attachment":[{"href":"https:\/\/plentynatural.ca\/fr\/wp-json\/wp\/v2\/media?parent=1465"}],"curies":[{"name":"wp","href":"https:\/\/api.w.org\/{rel}","templated":true}]}}