{"id":1197,"date":"2021-05-06T04:32:49","date_gmt":"2021-05-06T04:32:49","guid":{"rendered":"https:\/\/rizn.artisan-marketing.dev\/temoignages\/"},"modified":"2021-09-15T09:38:21","modified_gmt":"2021-09-15T09:38:21","slug":"temoignages","status":"publish","type":"page","link":"https:\/\/plentynatural.ca\/fr\/temoignages\/","title":{"rendered":"Testimonals"},"content":{"rendered":"<section id=\"hero-block_609370b9ae950\" class=\"hero\">\n    <div class=\"relative w-screen big-size\">\n        <img decoding=\"async\" src=\"https:\/\/plentynatural.ca\/wp-content\/uploads\/2021\/06\/testimonial.jpg\" alt=\"\"\n      class=\"absolute hidden lg:block z-0 object-cover w-full h-full\" \/>\n    \n        <img decoding=\"async\" src=\"https:\/\/plentynatural.ca\/wp-content\/uploads\/2021\/06\/testimonialmoible.jpg\" alt=\"\"\n      class=\"absolute z-0 object-cover w-full h-full lg:hidden\" \/>\n    \n\n    <div class=\"container relative z-10 flex justify-end h-full mx-auto pb-60 lg:pb-0\">\n      <div class=\"flex flex-col justify-start w-full h-full pt-10 lg:pt-0 lg:justify-center lg:w-6\/12\">\n\n                <div class=\"text-white subtitle\">\n          <p>T\u00e9moignages<\/p>\n        <\/div>\n        \n                <div class=\"text-white title\">\n          <p>Ce que nos clients en pensent<\/p>\n        <\/div>\n        \n                <div class=\"mb-8 leading-normal text-white testi-banner text-17px tracking-105px lg:tracking-12px\">\n          <p><em>\u201cLorem ipsum dolor sit amet, consectetur adipiscing elit. In sollicitudin laoreet nulla a dapibus. Donec ut metus a orci sollicitudin. Donec ut metus a orci.\u201d<\/em><\/p>\n<h4>H\u00e9l\u00e8ne Tremblay<\/h4>\n<h5>Montr\u00e9al, 35 ans<\/h5>\n        <\/div>\n        \n              <\/div>\n    <\/div>\n  <\/div>\n  \n\n<\/section><section id=\"testi3col-block_60938d74ae951\" class=\"testi3col  w-screen relative\"\n  style=\"margin-top:-2rem\">\n\n  \n  <div class=\"container mx-auto\">\n\n    \n    \n        <div class=\"grid grid-cols-1 gap-6 mb-12 lg:grid-cols-3\">\n\n            <div class=\"z-20 flex flex-col items-center justify-center px-6 py-12 bg-white testi-box\">\n                <div class=\"mx-auto rounded-full w-9 h-9 border-5 dot-testi\"><\/div>\n        \n        \n                <div class=\"py-8 italic font-medium text-center text-17px font-body\">\n          <p>\u201cLorem ipsum dolor sit amet, consectetur adipiscing elit. In sollicitudin laoreet nulla a dapibus. Donec ut metus a orci sollicitudin. Donec ut metus a orci.\u201d<\/p>\n        <\/div>\n        \n                <div class=\"w-full font-semibold text-center uppercase name-testi text-17px tracking-085\">\n          H\u00e9l\u00e8ne Tremblay         <\/div>\n        \n                <div class=\"w-full font-semibold text-center uppercase name-testi text-13px tracking-065\">\n          Montr\u00e9al, 38 ans        <\/div>\n        \n      <\/div>\n            <div class=\"z-20 flex flex-col items-center justify-center px-6 py-12 bg-white testi-box\">\n                <div class=\"mx-auto rounded-full w-9 h-9 border-5 dot-testi\"><\/div>\n        \n        \n                <div class=\"py-8 italic font-medium text-center text-17px font-body\">\n          <p>\u201cLorem ipsum dolor sit amet, consectetur adipiscing elit. In sollicitudin laoreet nulla a dapibus. Donec ut metus a orci sollicitudin. Donec ut metus a orci.\u201d<\/p>\n        <\/div>\n        \n                <div class=\"w-full font-semibold text-center uppercase name-testi text-17px tracking-085\">\n          H\u00e9l\u00e8ne Tremblay         <\/div>\n        \n                <div class=\"w-full font-semibold text-center uppercase name-testi text-13px tracking-065\">\n          Montr\u00e9al, 38 ans        <\/div>\n        \n      <\/div>\n            <div class=\"z-20 flex flex-col items-center justify-center px-6 py-12 bg-white testi-box\">\n                <div class=\"mx-auto rounded-full w-9 h-9 border-5 dot-testi\"><\/div>\n        \n        \n                <div class=\"py-8 italic font-medium text-center text-17px font-body\">\n          <p>\u201cLorem ipsum dolor sit amet, consectetur adipiscing elit. In sollicitudin laoreet nulla a dapibus. Donec ut metus a orci sollicitudin. Donec ut metus a orci.\u201d<\/p>\n        <\/div>\n        \n                <div class=\"w-full font-semibold text-center uppercase name-testi text-17px tracking-085\">\n          H\u00e9l\u00e8ne Tremblay         <\/div>\n        \n                <div class=\"w-full font-semibold text-center uppercase name-testi text-13px tracking-065\">\n          Montr\u00e9al, 38 ans        <\/div>\n        \n      <\/div>\n      \n    <\/div>\n\n    \n        <div class=\"mx-auto btn bg-primary\">\n      <a href=\"#\"\n        target=\"_self\">VOIR PLUS<\/a>\n    <\/div>\n    \n  <\/div>\n<\/section>\n\n\n\n<!-- Initialize Swiper -->\n<script>\nvar swiper = new Swiper(\".testi-siper\", {\n  loop: true,\n  autoplay: {\n    delay: 5000,\n    disableOnInteraction: false,\n  },\n  pagination: {\n    el: \".swiper-pagination\",\n    clickable: true,\n  },\n});\n<\/script><div style=\"height:100px\" aria-hidden=\"true\" class=\"wp-block-spacer\"><\/div><section id=\"testi3col-block_609391938aff5\" class=\"testi3col  w-screen relative\"\n  style=\"margin-top:rem\">\n\n  \n  <div class=\"container mx-auto\">\n\n        <div class=\"relative flex items-center\">\n      <div class=\"mr-8 lg:pr-20 subtitle text-primary w-fit lg:mr-0\">\n        <p>REVIEWs<\/p>\n      <\/div>\n      <div class=\"relative flex-grow border-b-2 lg:border-b h-fit border-primary\"> <\/div>\n    <\/div>\n    \n        <div class=\"title\">\n      <p>GOOGLE<\/p>\n    <\/div>\n    \n        <div class=\"grid grid-cols-1 gap-6 mb-12 lg:grid-cols-3\">\n\n            <div class=\"z-20 flex flex-col items-center justify-center px-6 py-12 bg-white testi-box\">\n                <img decoding=\"async\" src=\"https:\/\/plentynatural.ca\/wp-content\/uploads\/2021\/04\/Screen-Shot-2021-03-03-at-11.12.09-AM.jpg\" alt=\"\"\n          class=\"object-cover mx-auto rounded-full w-9 h-9\" \/>\n\n        \n                <div class=\"field_type-star_rating_field\"><ul class=\"star-rating\"><li><i class=\"fa fa-star star-1\"><\/i><\/li><li><i class=\"fa fa-star star-2\"><\/i><\/li><li><i class=\"fa fa-star star-3\"><\/i><\/li><li><i class=\"fa fa-star star-4\"><\/i><\/li><li><i class=\"fa fa-star star-5\"><\/i><\/li><\/ul><\/div>        \n                <div class=\"py-8 italic font-medium text-center text-17px font-body\">\n          <p>\u201cLorem ipsum dolor sit amet, consectetur adipiscing elit. In sollicitudin laoreet nulla a dapibus. Donec ut metus a orci sollicitudin. Donec ut metus a orci.\u201d<\/p>\n        <\/div>\n        \n                <div class=\"w-full font-semibold text-center uppercase name-testi text-17px tracking-085\">\n          H\u00e9l\u00e8ne Tremblay         <\/div>\n        \n                <div class=\"w-full font-semibold text-center uppercase name-testi text-13px tracking-065\">\n          Montr\u00e9al, 38 ans        <\/div>\n        \n      <\/div>\n            <div class=\"z-20 flex flex-col items-center justify-center px-6 py-12 bg-white testi-box\">\n                <img decoding=\"async\" src=\"https:\/\/plentynatural.ca\/wp-content\/uploads\/2021\/04\/Screen-Shot-2021-03-03-at-11.12.09-AM.jpg\" alt=\"\"\n          class=\"object-cover mx-auto rounded-full w-9 h-9\" \/>\n\n        \n                <div class=\"field_type-star_rating_field\"><ul class=\"star-rating\"><li><i class=\"fa fa-star star-1\"><\/i><\/li><li><i class=\"fa fa-star star-2\"><\/i><\/li><li><i class=\"fa fa-star star-3\"><\/i><\/li><li><i class=\"fa fa-star star-4\"><\/i><\/li><li><i class=\"fa fa-star star-5\"><\/i><\/li><\/ul><\/div>        \n                <div class=\"py-8 italic font-medium text-center text-17px font-body\">\n          <p>\u201cLorem ipsum dolor sit amet, consectetur adipiscing elit. In sollicitudin laoreet nulla a dapibus. Donec ut metus a orci sollicitudin. Donec ut metus a orci.\u201d<\/p>\n        <\/div>\n        \n                <div class=\"w-full font-semibold text-center uppercase name-testi text-17px tracking-085\">\n          H\u00e9l\u00e8ne Tremblay         <\/div>\n        \n                <div class=\"w-full font-semibold text-center uppercase name-testi text-13px tracking-065\">\n          Montr\u00e9al, 38 ans        <\/div>\n        \n      <\/div>\n            <div class=\"z-20 flex flex-col items-center justify-center px-6 py-12 bg-white testi-box\">\n                <img decoding=\"async\" src=\"https:\/\/plentynatural.ca\/wp-content\/uploads\/2021\/04\/innovation.jpg\" alt=\"\"\n          class=\"object-cover mx-auto rounded-full w-9 h-9\" \/>\n\n        \n                <div class=\"field_type-star_rating_field\"><ul class=\"star-rating\"><li><i class=\"fa fa-star star-1\"><\/i><\/li><li><i class=\"fa fa-star star-2\"><\/i><\/li><li><i class=\"fa fa-star star-3\"><\/i><\/li><li><i class=\"fa fa-star star-4\"><\/i><\/li><li><i class=\"fa fa-star-o star-5\"><\/i><\/li><\/ul><\/div>        \n                <div class=\"py-8 italic font-medium text-center text-17px font-body\">\n          <p>\u201cLorem ipsum dolor sit amet, consectetur adipiscing elit. In sollicitudin laoreet nulla a dapibus. Donec ut metus a orci sollicitudin. Donec ut metus a orci.\u201d<\/p>\n        <\/div>\n        \n                <div class=\"w-full font-semibold text-center uppercase name-testi text-17px tracking-085\">\n          H\u00e9l\u00e8ne Tremblay         <\/div>\n        \n                <div class=\"w-full font-semibold text-center uppercase name-testi text-13px tracking-065\">\n          Montr\u00e9al, 38 ans        <\/div>\n        \n      <\/div>\n      \n    <\/div>\n\n    \n        <div class=\"mx-auto btn bg-primary\">\n      <a href=\"#\"\n        target=\"_self\">VOIR PLUS<\/a>\n    <\/div>\n    \n  <\/div>\n<\/section>\n\n\n\n<!-- Initialize Swiper -->\n<script>\nvar swiper = new Swiper(\".testi-siper\", {\n  loop: true,\n  autoplay: {\n    delay: 5000,\n    disableOnInteraction: false,\n  },\n  pagination: {\n    el: \".swiper-pagination\",\n    clickable: true,\n  },\n});\n<\/script><div style=\"height:100px\" aria-hidden=\"true\" class=\"wp-block-spacer\"><\/div><section id=\"testi3col-block_6093921c8aff6\" class=\"testi3col  w-screen relative\"\n  style=\"margin-top:rem\">\n\n  \n  <div class=\"container mx-auto\">\n\n        <div class=\"relative flex items-center\">\n      <div class=\"mr-8 lg:pr-20 subtitle text-primary w-fit lg:mr-0\">\n        <p>REVIEWs<\/p>\n      <\/div>\n      <div class=\"relative flex-grow border-b-2 lg:border-b h-fit border-primary\"> <\/div>\n    <\/div>\n    \n        <div class=\"title\">\n      <p>Facebook<\/p>\n    <\/div>\n    \n        <div class=\"grid grid-cols-1 gap-6 mb-12 lg:grid-cols-3\">\n\n            <div class=\"z-20 flex flex-col items-center justify-center px-6 py-12 bg-white testi-box\">\n                <img decoding=\"async\" src=\"https:\/\/plentynatural.ca\/wp-content\/uploads\/2021\/04\/Screen-Shot-2021-03-03-at-11.12.09-AM.jpg\" alt=\"\"\n          class=\"object-cover mx-auto rounded-full w-9 h-9\" \/>\n\n        \n                <div class=\"field_type-star_rating_field\"><ul class=\"star-rating\"><li><i class=\"fa fa-star star-1\"><\/i><\/li><li><i class=\"fa fa-star star-2\"><\/i><\/li><li><i class=\"fa fa-star star-3\"><\/i><\/li><li><i class=\"fa fa-star star-4\"><\/i><\/li><li><i class=\"fa fa-star star-5\"><\/i><\/li><\/ul><\/div>        \n                <div class=\"py-8 italic font-medium text-center text-17px font-body\">\n          <p>\u201cLorem ipsum dolor sit amet, consectetur adipiscing elit. In sollicitudin laoreet nulla a dapibus. Donec ut metus a orci sollicitudin. Donec ut metus a orci.\u201d<\/p>\n        <\/div>\n        \n                <div class=\"w-full font-semibold text-center uppercase name-testi text-17px tracking-085\">\n          H\u00e9l\u00e8ne Tremblay         <\/div>\n        \n                <div class=\"w-full font-semibold text-center uppercase name-testi text-13px tracking-065\">\n          Montr\u00e9al, 38 ans        <\/div>\n        \n      <\/div>\n            <div class=\"z-20 flex flex-col items-center justify-center px-6 py-12 bg-white testi-box\">\n                <img decoding=\"async\" src=\"https:\/\/plentynatural.ca\/wp-content\/uploads\/2021\/04\/Screen-Shot-2021-03-03-at-11.12.09-AM.jpg\" alt=\"\"\n          class=\"object-cover mx-auto rounded-full w-9 h-9\" \/>\n\n        \n                <div class=\"field_type-star_rating_field\"><ul class=\"star-rating\"><li><i class=\"fa fa-star star-1\"><\/i><\/li><li><i class=\"fa fa-star star-2\"><\/i><\/li><li><i class=\"fa fa-star star-3\"><\/i><\/li><li><i class=\"fa fa-star star-4\"><\/i><\/li><li><i class=\"fa fa-star star-5\"><\/i><\/li><\/ul><\/div>        \n                <div class=\"py-8 italic font-medium text-center text-17px font-body\">\n          <p>\u201cLorem ipsum dolor sit amet, consectetur adipiscing elit. In sollicitudin laoreet nulla a dapibus. Donec ut metus a orci sollicitudin. Donec ut metus a orci.\u201d<\/p>\n        <\/div>\n        \n                <div class=\"w-full font-semibold text-center uppercase name-testi text-17px tracking-085\">\n          H\u00e9l\u00e8ne Tremblay         <\/div>\n        \n                <div class=\"w-full font-semibold text-center uppercase name-testi text-13px tracking-065\">\n          Montr\u00e9al, 38 ans        <\/div>\n        \n      <\/div>\n            <div class=\"z-20 flex flex-col items-center justify-center px-6 py-12 bg-white testi-box\">\n                <img decoding=\"async\" src=\"https:\/\/plentynatural.ca\/wp-content\/uploads\/2021\/04\/innovation.jpg\" alt=\"\"\n          class=\"object-cover mx-auto rounded-full w-9 h-9\" \/>\n\n        \n                <div class=\"field_type-star_rating_field\"><ul class=\"star-rating\"><li><i class=\"fa fa-star star-1\"><\/i><\/li><li><i class=\"fa fa-star star-2\"><\/i><\/li><li><i class=\"fa fa-star star-3\"><\/i><\/li><li><i class=\"fa fa-star star-4\"><\/i><\/li><li><i class=\"fa fa-star-o star-5\"><\/i><\/li><\/ul><\/div>        \n                <div class=\"py-8 italic font-medium text-center text-17px font-body\">\n          <p>\u201cLorem ipsum dolor sit amet, consectetur adipiscing elit. In sollicitudin laoreet nulla a dapibus. Donec ut metus a orci sollicitudin. Donec ut metus a orci.\u201d<\/p>\n        <\/div>\n        \n                <div class=\"w-full font-semibold text-center uppercase name-testi text-17px tracking-085\">\n          H\u00e9l\u00e8ne Tremblay         <\/div>\n        \n                <div class=\"w-full font-semibold text-center uppercase name-testi text-13px tracking-065\">\n          Montr\u00e9al, 38 ans        <\/div>\n        \n      <\/div>\n      \n    <\/div>\n\n    \n        <div class=\"mx-auto btn bg-primary\">\n      <a href=\"#\"\n        target=\"_self\">VOIR PLUS<\/a>\n    <\/div>\n    \n  <\/div>\n<\/section>\n\n\n\n<!-- Initialize Swiper -->\n<script>\nvar swiper = new Swiper(\".testi-siper\", {\n  loop: true,\n  autoplay: {\n    delay: 5000,\n    disableOnInteraction: false,\n  },\n  pagination: {\n    el: \".swiper-pagination\",\n    clickable: true,\n  },\n});\n<\/script><div style=\"height:100px\" aria-hidden=\"true\" class=\"wp-block-spacer\"><\/div><section id=\"subscribeForm-block_609392978aff8\"\n  class=\"subscribeForm  w-screen mx-auto md:flex-row relative py-6\">\n  <div class=\"container py-12 mx-auto\">\n        <div class=\"subtitle text-primary \">\n      <p>Abonnez-vous \u00e0 notre infolettre<\/p>\n    <\/div>\n    \n        <div class=\"py-4 font-bold uppercase text-25px font-heading text-dark\">\n      <p>pour recevoir nos derni\u00e8res nouvelles et des offres exclusives<\/p>\n    <\/div>\n    \n        <div class=\"mb-2 text-left lg:hidden \">\n      <p>Pour \u00eatres les premiers inform\u00e9s lors du lancement, inscrivez-vous \u00e0 notre liste d\u2019attentea as<\/p>\n    <\/div>\n    \n        \n<div class=\"wpcf7 no-js\" id=\"wpcf7-f271-o1\" lang=\"en-US\" dir=\"ltr\">\n<div class=\"screen-reader-response\"><p role=\"status\" aria-live=\"polite\" aria-atomic=\"true\"><\/p> <ul><\/ul><\/div>\n<form action=\"\/fr\/wp-json\/wp\/v2\/pages\/1197#wpcf7-f271-o1\" method=\"post\" class=\"wpcf7-form init\" aria-label=\"Contact form\" novalidate=\"novalidate\" data-status=\"init\">\n<div style=\"display: none;\">\n<input type=\"hidden\" name=\"_wpcf7\" value=\"271\" \/>\n<input type=\"hidden\" name=\"_wpcf7_version\" value=\"5.7.7\" \/>\n<input type=\"hidden\" name=\"_wpcf7_locale\" value=\"en_US\" \/>\n<input type=\"hidden\" name=\"_wpcf7_unit_tag\" value=\"wpcf7-f271-o1\" \/>\n<input type=\"hidden\" name=\"_wpcf7_container_post\" value=\"0\" \/>\n<input type=\"hidden\" name=\"_wpcf7_posted_data_hash\" value=\"\" \/>\n<input type=\"hidden\" name=\"_wpcf7_recaptcha_response\" value=\"\" \/>\n<\/div>\n<div class=\"flex flex-col relative lg:flex-row relative justify-between scform w-full\">\n\t<div class=\"email flex-grow\">\n\t\t<p><span class=\"wpcf7-form-control-wrap\" data-name=\"firstname\"><input size=\"40\" class=\"wpcf7-form-control wpcf7-text wpcf7-validates-as-required font-medium bg-transparent h-12\" aria-required=\"true\" aria-invalid=\"false\" placeholder=\"Pr\u00e9nom\" value=\"\" type=\"text\" name=\"firstname\" \/><\/span>\n\t\t<\/p>\n\t<\/div>\n\t<div class=\"email flex-grow\">\n\t\t<p><span class=\"wpcf7-form-control-wrap\" data-name=\"lastname\"><input size=\"40\" class=\"wpcf7-form-control wpcf7-text wpcf7-validates-as-required font-medium bg-transparent h-12\" aria-required=\"true\" aria-invalid=\"false\" placeholder=\"Nom\" value=\"\" type=\"text\" name=\"lastname\" \/><\/span>\n\t\t<\/p>\n\t<\/div>\n\t<div class=\"email flex-grow\">\n\t\t<p><span class=\"wpcf7-form-control-wrap\" data-name=\"your-email\"><input size=\"40\" class=\"wpcf7-form-control wpcf7-text wpcf7-email wpcf7-validates-as-required wpcf7-validates-as-email font-medium bg-transparent h-12\" aria-required=\"true\" aria-invalid=\"false\" placeholder=\"Courriel\" value=\"\" type=\"email\" name=\"your-email\" \/><\/span>\n\t\t<\/p>\n\t<\/div>\n\t<div class=\"btn-submit lg:ml-8 asd\">\n\t\t<p><input class=\"wpcf7-form-control has-spinner wpcf7-submit btn bg-secondary font-bold text-15px tracking-202px cursor-pointer\" type=\"submit\" value=\"Je m&#039;abonne\" \/>\n\t\t<\/p>\n\t<\/div>\n<\/div><div class=\"wpcf7-response-output\" aria-hidden=\"true\"><\/div>\n<\/form>\n<\/div>\n    \n  <\/div>\n<\/section>","protected":false},"excerpt":{"rendered":"","protected":false},"author":1,"featured_media":0,"parent":0,"menu_order":0,"comment_status":"closed","ping_status":"closed","template":"","meta":{"footnotes":""},"class_list":["post-1197","page","type-page","status-publish","hentry"],"yoast_head":"<!-- This site is optimized with the Yoast SEO plugin v20.9 - https:\/\/yoast.com\/wordpress\/plugins\/seo\/ -->\n<title>Testimonals - Plenty<\/title>\n<meta name=\"robots\" content=\"index, follow, max-snippet:-1, max-image-preview:large, max-video-preview:-1\" \/>\n<link rel=\"canonical\" href=\"https:\/\/plentynatural.ca\/fr\/temoignages\/\" \/>\n<meta property=\"og:locale\" content=\"fr_FR\" \/>\n<meta property=\"og:type\" content=\"article\" \/>\n<meta property=\"og:title\" content=\"Testimonals - Plenty\" \/>\n<meta property=\"og:url\" content=\"https:\/\/plentynatural.ca\/fr\/temoignages\/\" \/>\n<meta property=\"og:site_name\" content=\"Plenty\" \/>\n<meta property=\"article:modified_time\" content=\"2021-09-15T09:38:21+00:00\" \/>\n<meta property=\"og:image\" content=\"https:\/\/plentynatural.ca\/wp-content\/uploads\/2021\/08\/RIZN_share.jpg\" \/>\n\t<meta property=\"og:image:width\" content=\"1200\" \/>\n\t<meta property=\"og:image:height\" content=\"628\" \/>\n\t<meta property=\"og:image:type\" content=\"image\/jpeg\" \/>\n<meta name=\"twitter:card\" content=\"summary_large_image\" \/>\n<script type=\"application\/ld+json\" class=\"yoast-schema-graph\">{\"@context\":\"https:\/\/schema.org\",\"@graph\":[{\"@type\":\"WebPage\",\"@id\":\"https:\/\/plentynatural.ca\/fr\/temoignages\/\",\"url\":\"https:\/\/plentynatural.ca\/fr\/temoignages\/\",\"name\":\"Testimonals - Plenty\",\"isPartOf\":{\"@id\":\"https:\/\/plentynatural.ca\/#website\"},\"datePublished\":\"2021-05-06T04:32:49+00:00\",\"dateModified\":\"2021-09-15T09:38:21+00:00\",\"breadcrumb\":{\"@id\":\"https:\/\/plentynatural.ca\/fr\/temoignages\/#breadcrumb\"},\"inLanguage\":\"fr-FR\",\"potentialAction\":[{\"@type\":\"ReadAction\",\"target\":[\"https:\/\/plentynatural.ca\/fr\/temoignages\/\"]}]},{\"@type\":\"BreadcrumbList\",\"@id\":\"https:\/\/plentynatural.ca\/fr\/temoignages\/#breadcrumb\",\"itemListElement\":[{\"@type\":\"ListItem\",\"position\":1,\"name\":\"Home\",\"item\":\"https:\/\/plentynatural.ca\/fr\/\"},{\"@type\":\"ListItem\",\"position\":2,\"name\":\"Testimonals\"}]},{\"@type\":\"WebSite\",\"@id\":\"https:\/\/plentynatural.ca\/#website\",\"url\":\"https:\/\/plentynatural.ca\/\",\"name\":\"Plenty\",\"description\":\"Powered by nature\",\"publisher\":{\"@id\":\"https:\/\/plentynatural.ca\/#organization\"},\"potentialAction\":[{\"@type\":\"SearchAction\",\"target\":{\"@type\":\"EntryPoint\",\"urlTemplate\":\"https:\/\/plentynatural.ca\/?s={search_term_string}\"},\"query-input\":\"required name=search_term_string\"}],\"inLanguage\":\"fr-FR\"},{\"@type\":\"Organization\",\"@id\":\"https:\/\/plentynatural.ca\/#organization\",\"name\":\"Plenty\",\"url\":\"https:\/\/plentynatural.ca\/\",\"logo\":{\"@type\":\"ImageObject\",\"inLanguage\":\"fr-FR\",\"@id\":\"https:\/\/plentynatural.ca\/#\/schema\/logo\/image\/\",\"url\":\"https:\/\/plentynatural.ca\/wp-content\/uploads\/2021\/04\/logo_black.png\",\"contentUrl\":\"https:\/\/plentynatural.ca\/wp-content\/uploads\/2021\/04\/logo_black.png\",\"width\":1702,\"height\":402,\"caption\":\"Plenty\"},\"image\":{\"@id\":\"https:\/\/plentynatural.ca\/#\/schema\/logo\/image\/\"}}]}<\/script>\n<!-- \/ Yoast SEO plugin. -->","yoast_head_json":{"title":"Testimonals - Plenty","robots":{"index":"index","follow":"follow","max-snippet":"max-snippet:-1","max-image-preview":"max-image-preview:large","max-video-preview":"max-video-preview:-1"},"canonical":"https:\/\/plentynatural.ca\/fr\/temoignages\/","og_locale":"fr_FR","og_type":"article","og_title":"Testimonals - Plenty","og_url":"https:\/\/plentynatural.ca\/fr\/temoignages\/","og_site_name":"Plenty","article_modified_time":"2021-09-15T09:38:21+00:00","og_image":[{"width":1200,"height":628,"url":"https:\/\/plentynatural.ca\/wp-content\/uploads\/2021\/08\/RIZN_share.jpg","type":"image\/jpeg"}],"twitter_card":"summary_large_image","schema":{"@context":"https:\/\/schema.org","@graph":[{"@type":"WebPage","@id":"https:\/\/plentynatural.ca\/fr\/temoignages\/","url":"https:\/\/plentynatural.ca\/fr\/temoignages\/","name":"Testimonals - Plenty","isPartOf":{"@id":"https:\/\/plentynatural.ca\/#website"},"datePublished":"2021-05-06T04:32:49+00:00","dateModified":"2021-09-15T09:38:21+00:00","breadcrumb":{"@id":"https:\/\/plentynatural.ca\/fr\/temoignages\/#breadcrumb"},"inLanguage":"fr-FR","potentialAction":[{"@type":"ReadAction","target":["https:\/\/plentynatural.ca\/fr\/temoignages\/"]}]},{"@type":"BreadcrumbList","@id":"https:\/\/plentynatural.ca\/fr\/temoignages\/#breadcrumb","itemListElement":[{"@type":"ListItem","position":1,"name":"Home","item":"https:\/\/plentynatural.ca\/fr\/"},{"@type":"ListItem","position":2,"name":"Testimonals"}]},{"@type":"WebSite","@id":"https:\/\/plentynatural.ca\/#website","url":"https:\/\/plentynatural.ca\/","name":"Plenty","description":"Powered by nature","publisher":{"@id":"https:\/\/plentynatural.ca\/#organization"},"potentialAction":[{"@type":"SearchAction","target":{"@type":"EntryPoint","urlTemplate":"https:\/\/plentynatural.ca\/?s={search_term_string}"},"query-input":"required name=search_term_string"}],"inLanguage":"fr-FR"},{"@type":"Organization","@id":"https:\/\/plentynatural.ca\/#organization","name":"Plenty","url":"https:\/\/plentynatural.ca\/","logo":{"@type":"ImageObject","inLanguage":"fr-FR","@id":"https:\/\/plentynatural.ca\/#\/schema\/logo\/image\/","url":"https:\/\/plentynatural.ca\/wp-content\/uploads\/2021\/04\/logo_black.png","contentUrl":"https:\/\/plentynatural.ca\/wp-content\/uploads\/2021\/04\/logo_black.png","width":1702,"height":402,"caption":"Plenty"},"image":{"@id":"https:\/\/plentynatural.ca\/#\/schema\/logo\/image\/"}}]}},"_links":{"self":[{"href":"https:\/\/plentynatural.ca\/fr\/wp-json\/wp\/v2\/pages\/1197","targetHints":{"allow":["GET"]}}],"collection":[{"href":"https:\/\/plentynatural.ca\/fr\/wp-json\/wp\/v2\/pages"}],"about":[{"href":"https:\/\/plentynatural.ca\/fr\/wp-json\/wp\/v2\/types\/page"}],"author":[{"embeddable":true,"href":"https:\/\/plentynatural.ca\/fr\/wp-json\/wp\/v2\/users\/1"}],"replies":[{"embeddable":true,"href":"https:\/\/plentynatural.ca\/fr\/wp-json\/wp\/v2\/comments?post=1197"}],"version-history":[{"count":7,"href":"https:\/\/plentynatural.ca\/fr\/wp-json\/wp\/v2\/pages\/1197\/revisions"}],"predecessor-version":[{"id":3820,"href":"https:\/\/plentynatural.ca\/fr\/wp-json\/wp\/v2\/pages\/1197\/revisions\/3820"}],"wp:attachment":[{"href":"https:\/\/plentynatural.ca\/fr\/wp-json\/wp\/v2\/media?parent=1197"}],"curies":[{"name":"wp","href":"https:\/\/api.w.org\/{rel}","templated":true}]}}